{"id":2675,"date":"2022-12-16T10:38:56","date_gmt":"2022-12-16T10:38:56","guid":{"rendered":"https:\/\/www.friedrichwuerth.de\/?page_id=2675"},"modified":"2024-12-17T15:43:40","modified_gmt":"2024-12-17T15:43:40","slug":"impressum","status":"publish","type":"page","link":"https:\/\/www.friedrichwuerth.de\/fr\/mentions-legales\/","title":{"rendered":"Mentions l\u00e9gales"},"content":{"rendered":"<div data-elementor-type=\"wp-page\" data-elementor-id=\"2675\" class=\"elementor elementor-2675\" data-elementor-post-type=\"page\">\n\t\t\t\t<div class=\"elementor-element elementor-element-96465ca e-flex e-con-boxed e-con e-parent\" data-id=\"96465ca\" data-element_type=\"container\" data-settings=\"{&quot;content_width&quot;:&quot;boxed&quot;}\" data-core-v316-plus=\"true\">\n\t\t\t\t\t<div class=\"e-con-inner\">\n\t\t\t\t<div class=\"elementor-element elementor-element-5a9e7ff elementor-widget elementor-widget-heading\" data-id=\"5a9e7ff\" data-element_type=\"widget\" data-widget_type=\"heading.default\">\n\t\t\t\t<div class=\"elementor-widget-container\">\n\t\t\t<style>\/*! elementor - v3.19.0 - 07-02-2024 *\/\n.elementor-heading-title{padding:0;margin:0;line-height:1}.elementor-widget-heading .elementor-heading-title[class*=elementor-size-]>a{color:inherit;font-size:inherit;line-height:inherit}.elementor-widget-heading .elementor-heading-title.elementor-size-small{font-size:15px}.elementor-widget-heading .elementor-heading-title.elementor-size-medium{font-size:19px}.elementor-widget-heading .elementor-heading-title.elementor-size-large{font-size:29px}.elementor-widget-heading .elementor-heading-title.elementor-size-xl{font-size:39px}.elementor-widget-heading .elementor-heading-title.elementor-size-xxl{font-size:59px}<\/style><h1 class=\"elementor-heading-title elementor-size-default\">Mentions l\u00e9gales<\/h1>\t\t<\/div>\n\t\t\t\t<\/div>\n\t\t\t\t<div class=\"elementor-element elementor-element-ea1af83 elementor-widget elementor-widget-text-editor\" data-id=\"ea1af83\" data-element_type=\"widget\" data-widget_type=\"text-editor.default\">\n\t\t\t\t<div class=\"elementor-widget-container\">\n\t\t\t<style>\/*! elementor - v3.19.0 - 07-02-2024 *\/\n.elementor-widget-text-editor.elementor-drop-cap-view-stacked .elementor-drop-cap{background-color:#69727d;color:#fff}.elementor-widget-text-editor.elementor-drop-cap-view-framed .elementor-drop-cap{color:#69727d;border:3px solid;background-color:transparent}.elementor-widget-text-editor:not(.elementor-drop-cap-view-default) .elementor-drop-cap{margin-top:8px}.elementor-widget-text-editor:not(.elementor-drop-cap-view-default) .elementor-drop-cap-letter{width:1em;height:1em}.elementor-widget-text-editor .elementor-drop-cap{float:left;text-align:center;line-height:1;font-size:50px}.elementor-widget-text-editor .elementor-drop-cap-letter{display:inline-block}<\/style>\t\t\t\t<h3><strong>Responsable du contenu de ce site web conform\u00e9ment au \u00a7 5 de la loi allemande sur les m\u00e9dias \u00e9lectroniques (TMG) :<\/strong><\/h3><p>Friedrich W\u00fcrth Produktions GmbH<br \/>8, rue Julius-Bauser<br \/>72186 Empfingen<\/p><p><strong>Directeur g\u00e9n\u00e9ral<\/strong>: Steffen Wolf<br \/><strong>Registre du commerce<\/strong>HRB 767586 Tribunal d'instance de Stuttgart<\/p><p><strong>N\u00b0 de TVA<\/strong>. FR 321822595<\/p><p><strong>T\u00e9l.<\/strong>: 0049 (0) 7485\/ 1064-1066<br \/><strong>Fax<\/strong>: 0049 (0) 7485\/ 1422<br \/><strong>Courrier \u00e9lectronique<\/strong>:\u00a0<a href=\"mailto:info@friedrichwuerth.de\">info@friedrichwuerth.de<\/a><\/p><h3>Clause de non-responsabilit\u00e9<\/h3><p><strong>Responsabilit\u00e9 du contenu<\/strong><\/p><p>En tant que prestataire de services, nous sommes responsables, conform\u00e9ment au \u00a7 7 alin\u00e9a 1 de la loi allemande sur les t\u00e9l\u00e9m\u00e9dias (TMG), de nos propres contenus sur ces pages selon les lois g\u00e9n\u00e9rales. Selon les \u00a7\u00a7 8 \u00e0 10 de la TMG, nous ne sommes toutefois pas tenus, en tant que prestataire de services, de surveiller les informations externes transmises ou enregistr\u00e9es ou de rechercher les circonstances qui indiquent une activit\u00e9 ill\u00e9gale. Les obligations de supprimer ou de bloquer l'utilisation d'informations conform\u00e9ment aux lois g\u00e9n\u00e9rales ne sont pas affect\u00e9es par cette disposition. Une responsabilit\u00e9 \u00e0 cet \u00e9gard n'est toutefois possible qu'\u00e0 partir du moment o\u00f9 une violation concr\u00e8te de la loi est connue. D\u00e8s la prise de connaissance d'une telle violation, nous supprimerons imm\u00e9diatement les contenus concern\u00e9s.<\/p><p><strong>Responsabilit\u00e9 pour les liens<\/strong><\/p><p>Notre offre contient des liens vers des sites web externes de tiers, sur le contenu desquels nous n'avons aucune influence. C'est pourquoi nous ne pouvons pas non plus nous porter garants de ces contenus externes. Le fournisseur ou l'exploitant des pages li\u00e9es est toujours responsable des contenus de ces pages. Les pages li\u00e9es ont \u00e9t\u00e9 contr\u00f4l\u00e9es au moment de la cr\u00e9ation du lien afin de v\u00e9rifier qu'elles ne pr\u00e9sentaient pas d'infraction \u00e0 la loi. Aucun contenu ill\u00e9gal n'a \u00e9t\u00e9 identifi\u00e9 au moment de la cr\u00e9ation du lien. Un contr\u00f4le permanent du contenu des pages li\u00e9es n'est toutefois pas exigible sans indices concrets d'une violation de la loi. D\u00e8s que nous aurons connaissance d'une violation de la loi, nous supprimerons imm\u00e9diatement les liens concern\u00e9s.<\/p><p><strong>Droit d'auteur<\/strong><\/p><p>Les contenus et les \u0153uvres cr\u00e9\u00e9s par les exploitants de ces pages sont soumis au droit d'auteur allemand. La reproduction, le traitement, la diffusion et toute forme d'exploitation en dehors des limites du droit d'auteur requi\u00e8rent l'accord \u00e9crit de l'auteur ou du cr\u00e9ateur concern\u00e9. Les t\u00e9l\u00e9chargements et les copies de ce site ne sont autoris\u00e9s que pour un usage priv\u00e9 et non commercial. Dans la mesure o\u00f9 les contenus de ce site n'ont pas \u00e9t\u00e9 cr\u00e9\u00e9s par l'exploitant, les droits d'auteur de tiers sont respect\u00e9s. Les contenus de tiers sont notamment identifi\u00e9s comme tels. Si vous deviez n\u00e9anmoins constater une violation des droits d'auteur, nous vous prions de nous en informer. D\u00e8s la prise de connaissance d'une violation de la loi, nous supprimerons imm\u00e9diatement les contenus concern\u00e9s.<\/p><h3>Droit d'acc\u00e8s, d'effacement, de blocage<\/h3><p>Vous avez \u00e0 tout moment le droit d'obtenir gratuitement des informations sur vos donn\u00e9es personnelles enregistr\u00e9es, sur leur origine et leur destinataire et sur la finalit\u00e9 du traitement des donn\u00e9es, ainsi qu'un droit de rectification, de blocage ou de suppression de ces donn\u00e9es. Pour cela, ainsi que pour toute autre question relative aux donn\u00e9es personnelles, vous pouvez nous contacter \u00e0 tout moment \u00e0 l'adresse indiqu\u00e9e dans les mentions l\u00e9gales.<\/p><p>Si vous avez des questions \u00e0 ce sujet auxquelles cette d\u00e9claration de protection des donn\u00e9es n'a pas pu r\u00e9pondre, vous pouvez nous contacter \u00e0 tout moment en utilisant les coordonn\u00e9es indiqu\u00e9es dans les mentions l\u00e9gales.<\/p>\t\t\t\t\t\t<\/div>\n\t\t\t\t<\/div>\n\t\t\t\t\t<\/div>\n\t\t\t\t<\/div>\n\t\t\t\t<\/div>","protected":false},"excerpt":{"rendered":"<p>Impressum F\u00fcr diese Website inhaltlich Verantwortliche gem\u00e4\u00df \u00a7 5 TMG: Friedrich W\u00fcrth Produktions GmbHJulius-Bauser-Str. 872186 Empfingen Gesch\u00e4ftsf\u00fchrer:\u00a0Steffen WolfHandelsregister: HRB 767586 Amtsgericht Stuttgart UstNr. DE 321822595 Tel.: 0049 (0) 7485\/ 1064-1066Fax: 0049 (0) 7485\/ 1422E-Mail:\u00a0info@friedrichwuerth.de Haftungsausschluss Haftung f\u00fcr Inhalte Als Diensteanbieter sind wir gem\u00e4\u00df \u00a7 7 Abs.1 TMG f\u00fcr eigene Inhalte auf diesen Seiten nach den [&hellip;]<\/p>","protected":false},"author":4,"featured_media":0,"parent":0,"menu_order":0,"comment_status":"closed","ping_status":"closed","template":"","meta":{"footnotes":""},"class_list":["post-2675","page","type-page","status-publish","hentry"],"yoast_head":"<!-- This site is optimized with the Yoast SEO plugin v24.3 - https:\/\/yoast.com\/wordpress\/plugins\/seo\/ -->\n<title>Impressum - Friedrich W\u00fcrth<\/title>\n<meta name=\"robots\" content=\"index, follow, max-snippet:-1, max-image-preview:large, max-video-preview:-1\" \/>\n<link rel=\"canonical\" href=\"https:\/\/www.friedrichwuerth.de\/fr\/mentions-legales\/\" \/>\n<meta property=\"og:locale\" content=\"fr_FR\" \/>\n<meta property=\"og:type\" content=\"article\" \/>\n<meta property=\"og:title\" content=\"Impressum - Friedrich W\u00fcrth\" \/>\n<meta property=\"og:description\" content=\"Impressum F\u00fcr diese Website inhaltlich Verantwortliche gem\u00e4\u00df \u00a7 5 TMG: Friedrich W\u00fcrth Produktions GmbHJulius-Bauser-Str. 872186 Empfingen Gesch\u00e4ftsf\u00fchrer:\u00a0Steffen WolfHandelsregister: HRB 767586 Amtsgericht Stuttgart UstNr. DE 321822595 Tel.: 0049 (0) 7485\/ 1064-1066Fax: 0049 (0) 7485\/ 1422E-Mail:\u00a0info@friedrichwuerth.de Haftungsausschluss Haftung f\u00fcr Inhalte Als Diensteanbieter sind wir gem\u00e4\u00df \u00a7 7 Abs.1 TMG f\u00fcr eigene Inhalte auf diesen Seiten nach den [&hellip;]\" \/>\n<meta property=\"og:url\" content=\"https:\/\/www.friedrichwuerth.de\/fr\/mentions-legales\/\" \/>\n<meta property=\"og:site_name\" content=\"Friedrich W\u00fcrth\" \/>\n<meta property=\"article:modified_time\" content=\"2024-12-17T15:43:40+00:00\" \/>\n<meta name=\"twitter:card\" content=\"summary_large_image\" \/>\n<meta name=\"twitter:label1\" content=\"Dur\u00e9e de lecture estim\u00e9e\" \/>\n\t<meta name=\"twitter:data1\" content=\"3 minutes\" \/>\n<script type=\"application\/ld+json\" class=\"yoast-schema-graph\">{\"@context\":\"https:\/\/schema.org\",\"@graph\":[{\"@type\":\"WebPage\",\"@id\":\"https:\/\/www.friedrichwuerth.de\/impressum\/\",\"url\":\"https:\/\/www.friedrichwuerth.de\/impressum\/\",\"name\":\"Impressum - Friedrich W\u00fcrth\",\"isPartOf\":{\"@id\":\"https:\/\/www.friedrichwuerth.de\/#website\"},\"datePublished\":\"2022-12-16T10:38:56+00:00\",\"dateModified\":\"2024-12-17T15:43:40+00:00\",\"breadcrumb\":{\"@id\":\"https:\/\/www.friedrichwuerth.de\/impressum\/#breadcrumb\"},\"inLanguage\":\"fr-FR\",\"potentialAction\":[{\"@type\":\"ReadAction\",\"target\":[\"https:\/\/www.friedrichwuerth.de\/impressum\/\"]}]},{\"@type\":\"BreadcrumbList\",\"@id\":\"https:\/\/www.friedrichwuerth.de\/impressum\/#breadcrumb\",\"itemListElement\":[{\"@type\":\"ListItem\",\"position\":1,\"name\":\"Startseite\",\"item\":\"https:\/\/www.friedrichwuerth.de\/\"},{\"@type\":\"ListItem\",\"position\":2,\"name\":\"Impressum\"}]},{\"@type\":\"WebSite\",\"@id\":\"https:\/\/www.friedrichwuerth.de\/#website\",\"url\":\"https:\/\/www.friedrichwuerth.de\/\",\"name\":\"Friedrich W\u00fcrth\",\"description\":\"Friedrich W\u00fcrth\",\"publisher\":{\"@id\":\"https:\/\/www.friedrichwuerth.de\/#organization\"},\"potentialAction\":[{\"@type\":\"SearchAction\",\"target\":{\"@type\":\"EntryPoint\",\"urlTemplate\":\"https:\/\/www.friedrichwuerth.de\/?s={search_term_string}\"},\"query-input\":{\"@type\":\"PropertyValueSpecification\",\"valueRequired\":true,\"valueName\":\"search_term_string\"}}],\"inLanguage\":\"fr-FR\"},{\"@type\":\"Organization\",\"@id\":\"https:\/\/www.friedrichwuerth.de\/#organization\",\"name\":\"Friedrich W\u00fcrth\",\"url\":\"https:\/\/www.friedrichwuerth.de\/\",\"logo\":{\"@type\":\"ImageObject\",\"inLanguage\":\"fr-FR\",\"@id\":\"https:\/\/www.friedrichwuerth.de\/#\/schema\/logo\/image\/\",\"url\":\"https:\/\/www.friedrichwuerth.de\/wp-content\/uploads\/2022\/12\/logo-2-1.png\",\"contentUrl\":\"https:\/\/www.friedrichwuerth.de\/wp-content\/uploads\/2022\/12\/logo-2-1.png\",\"width\":274,\"height\":51,\"caption\":\"Friedrich W\u00fcrth\"},\"image\":{\"@id\":\"https:\/\/www.friedrichwuerth.de\/#\/schema\/logo\/image\/\"}}]}<\/script>\n<!-- \/ Yoast SEO plugin. -->","yoast_head_json":{"title":"Impressum - Friedrich W\u00fcrth","robots":{"index":"index","follow":"follow","max-snippet":"max-snippet:-1","max-image-preview":"max-image-preview:large","max-video-preview":"max-video-preview:-1"},"canonical":"https:\/\/www.friedrichwuerth.de\/fr\/mentions-legales\/","og_locale":"fr_FR","og_type":"article","og_title":"Impressum - Friedrich W\u00fcrth","og_description":"Impressum F\u00fcr diese Website inhaltlich Verantwortliche gem\u00e4\u00df \u00a7 5 TMG: Friedrich W\u00fcrth Produktions GmbHJulius-Bauser-Str. 872186 Empfingen Gesch\u00e4ftsf\u00fchrer:\u00a0Steffen WolfHandelsregister: HRB 767586 Amtsgericht Stuttgart UstNr. DE 321822595 Tel.: 0049 (0) 7485\/ 1064-1066Fax: 0049 (0) 7485\/ 1422E-Mail:\u00a0info@friedrichwuerth.de Haftungsausschluss Haftung f\u00fcr Inhalte Als Diensteanbieter sind wir gem\u00e4\u00df \u00a7 7 Abs.1 TMG f\u00fcr eigene Inhalte auf diesen Seiten nach den [&hellip;]","og_url":"https:\/\/www.friedrichwuerth.de\/fr\/mentions-legales\/","og_site_name":"Friedrich W\u00fcrth","article_modified_time":"2024-12-17T15:43:40+00:00","twitter_card":"summary_large_image","twitter_misc":{"Dur\u00e9e de lecture estim\u00e9e":"3 minutes"},"schema":{"@context":"https:\/\/schema.org","@graph":[{"@type":"WebPage","@id":"https:\/\/www.friedrichwuerth.de\/impressum\/","url":"https:\/\/www.friedrichwuerth.de\/impressum\/","name":"Impressum - Friedrich W\u00fcrth","isPartOf":{"@id":"https:\/\/www.friedrichwuerth.de\/#website"},"datePublished":"2022-12-16T10:38:56+00:00","dateModified":"2024-12-17T15:43:40+00:00","breadcrumb":{"@id":"https:\/\/www.friedrichwuerth.de\/impressum\/#breadcrumb"},"inLanguage":"fr-FR","potentialAction":[{"@type":"ReadAction","target":["https:\/\/www.friedrichwuerth.de\/impressum\/"]}]},{"@type":"BreadcrumbList","@id":"https:\/\/www.friedrichwuerth.de\/impressum\/#breadcrumb","itemListElement":[{"@type":"ListItem","position":1,"name":"Startseite","item":"https:\/\/www.friedrichwuerth.de\/"},{"@type":"ListItem","position":2,"name":"Impressum"}]},{"@type":"WebSite","@id":"https:\/\/www.friedrichwuerth.de\/#website","url":"https:\/\/www.friedrichwuerth.de\/","name":"Friedrich W\u00fcrth","description":"Friedrich W\u00fcrth","publisher":{"@id":"https:\/\/www.friedrichwuerth.de\/#organization"},"potentialAction":[{"@type":"SearchAction","target":{"@type":"EntryPoint","urlTemplate":"https:\/\/www.friedrichwuerth.de\/?s={search_term_string}"},"query-input":{"@type":"PropertyValueSpecification","valueRequired":true,"valueName":"search_term_string"}}],"inLanguage":"fr-FR"},{"@type":"Organization","@id":"https:\/\/www.friedrichwuerth.de\/#organization","name":"Friedrich W\u00fcrth","url":"https:\/\/www.friedrichwuerth.de\/","logo":{"@type":"ImageObject","inLanguage":"fr-FR","@id":"https:\/\/www.friedrichwuerth.de\/#\/schema\/logo\/image\/","url":"https:\/\/www.friedrichwuerth.de\/wp-content\/uploads\/2022\/12\/logo-2-1.png","contentUrl":"https:\/\/www.friedrichwuerth.de\/wp-content\/uploads\/2022\/12\/logo-2-1.png","width":274,"height":51,"caption":"Friedrich W\u00fcrth"},"image":{"@id":"https:\/\/www.friedrichwuerth.de\/#\/schema\/logo\/image\/"}}]}},"_links":{"self":[{"href":"https:\/\/www.friedrichwuerth.de\/fr\/wp-json\/wp\/v2\/pages\/2675","targetHints":{"allow":["GET"]}}],"collection":[{"href":"https:\/\/www.friedrichwuerth.de\/fr\/wp-json\/wp\/v2\/pages"}],"about":[{"href":"https:\/\/www.friedrichwuerth.de\/fr\/wp-json\/wp\/v2\/types\/page"}],"author":[{"embeddable":true,"href":"https:\/\/www.friedrichwuerth.de\/fr\/wp-json\/wp\/v2\/users\/4"}],"replies":[{"embeddable":true,"href":"https:\/\/www.friedrichwuerth.de\/fr\/wp-json\/wp\/v2\/comments?post=2675"}],"version-history":[{"count":20,"href":"https:\/\/www.friedrichwuerth.de\/fr\/wp-json\/wp\/v2\/pages\/2675\/revisions"}],"predecessor-version":[{"id":2845,"href":"https:\/\/www.friedrichwuerth.de\/fr\/wp-json\/wp\/v2\/pages\/2675\/revisions\/2845"}],"wp:attachment":[{"href":"https:\/\/www.friedrichwuerth.de\/fr\/wp-json\/wp\/v2\/media?parent=2675"}],"curies":[{"name":"wp","href":"https:\/\/api.w.org\/{rel}","templated":true}]}}